{"id":10350,"date":"2018-06-06T10:12:02","date_gmt":"2018-06-06T09:12:02","guid":{"rendered":"http:\/\/www.katz-mannheim.de\/?page_id=10350"},"modified":"2018-08-18T15:29:17","modified_gmt":"2018-08-18T14:29:17","slug":"datenschutzerklaerung","status":"publish","type":"page","link":"http:\/\/www.katz-mannheim.de\/?page_id=10350","title":{"rendered":"Datenschutzerkl\u00e4rung"},"content":{"rendered":"<h3>Haftung f\u00fcr Inhalte<\/h3>\n<p>Die Erstellung der Inhalte dieser Webseite erfolgte mit gr\u00f6\u00dftm\u00f6glicher Sorgfalt.<br \/>\nAllerdings k\u00f6nnen wir keine Gew\u00e4hr f\u00fcr die Vollst\u00e4ndigkeit der bereitgestellten Inhalte,<br \/>\nihre Aktualit\u00e4t sowie Richtigkeit \u00fcbernehmen. Gem. \u00a7\u00a7 8 \u2013 10 TMG trifft uns als<br \/>\nDienstanbieter keine Pflicht, fremde Informationen, die \u00fcbermittelt oder gespeichert wurden,<br \/>\nzu \u00fcberwachen oder nach Anhaltspunkten und Umst\u00e4nden zu forschen, die die Rechtswidrigkeit<br \/>\nvon T\u00e4tigkeiten und Informationen indizieren.<br \/>\nEine Verpflichtung unsererseits zur Nutzungssperrung von Inhalten im Rahmen der allgemeinen<br \/>\nGesetze bleibt hiervon stets unber\u00fchrt.Diese Haftung kommt jedoch erst im Moment der<br \/>\nKenntnisnahme einer konkreten Verletzung von Rechten in Frage. Sollten uns Rechtsverletzungen<br \/>\nbekannt werden, so sind die entsprechenden Inhalte von uns unverz\u00fcglich zu entfernen.<br \/>\nUnsere Haftung f\u00fcr eigene Inhalte richtet sich, als Dienstanbieter, nach den allgemeinen Gesetzen.<\/p>\n<h3>Haftung f\u00fcr Links<\/h3>\n<p>Diese Webseite beinhaltet Verlinkungen zu Webseiten Dritter \u2013 sog. Externe Links. Die Inhalte dieser externen Links entziehen sich unserer Einflussnahme, so dass eine Gew\u00e4hr f\u00fcr solche Inhalte<br \/>\nUnsererseits nicht \u00fcbernommen wird.<br \/>\nDie Verantwortung liegt stets beim jeweiligen Betreiber der externen Seiten.Zum Zeitpunkt der Verkn\u00fcpfung der externen Links waren keine Rechtsverst\u00f6\u00dfe ersichtlich.Die permanente<br \/>\n\u00dcberwachung fremder Inhalte auf Rechtsverst\u00f6\u00dfe ohne konkrete Hinweise ist uns nicht zumutbar.<br \/>\nSollten wir Kenntnisse von Rechtsverletzungen erlangen, werden wir die entsprechenden externen<br \/>\nLinks unverz\u00fcglich entfernen.<\/p>\n<h3>\nUrheberrecht \/ Leistungsschutzrecht<\/h3>\n<p>Auf die vom Anbieter auf dieser Seite ver\u00f6ffentlichten Inhalte findet das deutsche Urheber und Leistungsschutzrecht Anwendung. Sofern die Vervielf\u00e4ltigung, Bearbeitung, Verbreitung oder jegliche andere Art der Verwendung au\u00dferhalb des deutschen Urheber \u2013 und Leistungsschutzrechts liegt, bedarf es einer schriftlichen Zustimmung des jeweiligen Erstellers. Unerlaubtes Kopieren oder<br \/>\nDownloaden dieser Seite ist ausschlie\u00dflich f\u00fcr den privaten Bereich, nicht jedoch f\u00fcr den kommerziellen, erlaubt. Sofern nicht wir als Betreiber auch als Ersteller der Inhalte fungieren, werden die Urheberrechte von Dritten beachtet. Wir sind stets bem\u00fcht solche Inhalte als Inhalte Dritter zu kennzeichnen. Wir bitten Sie f\u00fcr den Fall, dass Ihnen trotz sorgf\u00e4ltiger Arbeit unsererseits, eine Urheberrechtsverletzung auff\u00e4llt, uns entsprechend darauf hinzuweisen, so dass die Entfernung dieser Inhalte umgehend veranlasst werden kann.<\/p>\n<h3>Datenschutz<\/h3>\n<p>Die Nutzung dieser Webseite ist regelm\u00e4\u00dfig ohne Angabe personenbezogener Daten m\u00f6glich. Sollten solche personenbezogenen Daten auf dieser Webseite dennoch erhoben werden, so erfolgt dies in Form einer freiwilligen Datenangabe durch den Nutzer. Eine Weitergabe der personenbezogenen Daten an Dritte erfolgt nicht, sofern keine ausdr\u00fcckliche Zustimmung des Nutzers abgegeben wurde.<br \/>\nSofern auf unseren Webseiten personenbezogene Daten erhoben werden, vollzieht sich die Erhebung dieser Daten stehts im Rahmen der Bestimmung des Datenschutzrechtes der Bundesrepublik Deutschland und der Europ\u00e4ischen Union.Sofern personenbezogene Daten erhoben werden, wird dies ausschlie\u00dflich im Rahmen einer Bestellung zur Abwicklung des Kaufvorganges getan.Es werden nur Daten erhoben, die f\u00fcr diese Abwicklung notwendig sind. Diese werden sp\u00e4testens nach 1 Jahr gel\u00f6scht.<br \/>\nBitte beachten Sie, dass trotz gr\u00f6\u00dfter Sorgfalt die Daten\u00fcbertragung im Internet stets mit Risiken, die auf Sicherheitsl\u00fccken basieren, verbunden ist. Der uneingeschr\u00e4nkte Schutz von Daten ist daher unm\u00f6glich.<\/p>\n<h3>Daten\u00fcbermittlung<\/h3>\n<p>Bei einem Zugriff Ihrerseits auf unsere Webseiten erfolgt eine automatische Daten\u00fcbermittlung von Ihrem Browser auf unseren Webserver. Gegenstand dieser \u00dcbermittlung sind anonymisierte Zugriffsdaten ohne Personenbezug, wie etwa Datum und Uhrzeit, Browsertyp , Menge und Art der abgerufenen Daten sowie Ihre IP- Adresse.Die Speicherung dieser Daten geschieht getrennt von<br \/>\netwaigen anderen , im Rahmen der Nutzung unserer Webseiten durch Sie, erhobenen Daten.<br \/>\nDiese Daten k\u00f6nnen nicht dazu verwendet werden eine konkrete Person zu bestimmen. Die Erhebung dieser Daten findet lediglich zur Protokollierung des Benutzerverhaltens und zu statistischen Zwecken statt. Nach einer entsprechenden Auswertung wird eine L\u00f6schung der Daten<br \/>\nveranlasst.<\/p>\n<h3>Bestandsdaten<\/h3>\n<p>Bei der Begr\u00fcndung , inhaltlichen Ausgestaltung oder \u00c4nderung eines Vertragsverh\u00e4ltnisses zwischen Ihnen und uns, erheben und verwenden wir, im Rahmen der Erforderlichkeit, personenbezogene Daten von Ihnen, sogenannte Bestandsdaten. In der Regel erfolgt keine Weitergabe oder Auskunfterteilung an Dritte. Auf Anordnung der zust\u00e4ndigen Stellen sind wir gehalten, soweit es zu Zwecken der Strafverfolgung, der Gefahrenabwehr oder zur Erf\u00fcllung weiterer gesetzlicher Aufgaben<br \/>\nerforderlich ist, Auskunft \u00fcber personenbezogener Daten zu erteilen.<\/p>\n<h3>Nutzungsdaten<\/h3>\n<p>Soweit erforderlich, erheben und verwenden wir sogenannte Nutzungsdaten von Ihnen. Dabei handelt es sich um personenbezogene Daten, die die Inanspruchnahme unseres Internetangebotes sowie die Abrechnung erm\u00f6glichen.Dabei werden Daten erfasst, die sowohl die zeitlichen Kriterien der Nutzung unseres Angebotes durch Sie erhalten. Als auch den Umfang der Nutzung und Ihre Identifikationsmerkmale.<br \/>\nWir weisen Sie darauf hin, dass es uns zu Werbezwecken, zu Zwecken der Marktforschung sowie zur Gestaltung unseres Internetangebotes gestattet ist, Nutzungsprofile d.h. zusammengestellte Daten \u00fcber den Verlauf von Besuchen auf unseren Seiten zu generieren. Diese Nutzungsprofile geben keinen Aufschluss \u00fcber Ihre Person und werden auch nicht mit etwaigen anderen, von uns erhobenen Daten, zusammengef\u00fchrt, so dass auch eine Personenidentifikation durch das Zusammenf\u00fchren verschiedener Daten nicht erfolgen kann.Sie haben jederzeit das Recht, einer solchen Verwendung Ihrer Daten zu widersprechen.<\/p>\n<h3>Auskunftsrecht<\/h3>\n<p>Wir weisen Sie darauf hin, dass Sie das Recht haben, eine Auskunft von uns \u00fcber die von Ihnen gespeicherten Daten zu verlangen und im Fall der Unrichtigkeit der Daten eine Sperrung, L\u00f6schung oder Berichtigung zu veranlassen. Die Auskunfterteilung ist sowohl telefonisch als auch elektronisch m\u00f6glich.<\/p>\n<h3>\u00c4nderungen der Datenschutzerkl\u00e4rung<\/h3>\n<p>Sollten zuk\u00fcnftig \u00c4nderungen unserer Datenschutzerkl\u00e4rung vorgenommen werden, so werden die \u00c4nderungen stets auf diesen Seiten zu finden sein.<\/p>\n<h3>Google Analytics<\/h3>\n<p>Diese Webseite benutzt Google Analytics, einen Webanalysendienst der Google Inc. ( \u201eGoogle\u201c).Google Analytics verwendet sog. \u201eCookies\u201c, Textdateien, die auf ihrem Computer gespeichert werden und die eine Analyse der Benutzung der Webseite durch sie erm\u00f6glichen.Die durch den Cookie erzeugten Informationen \u00fcber ihre Benutzung dieser Webseite werden in der Regel an einen Server von Google in den USA \u00fcbertragen und dort gespeichert. Im Falle der IP-Anonymisierung auf dieser Webseite, wird Ihre IP- Adresse von Google jedoch innerhalb von Mitgliedsstaaten der Europ. Union oder in anderen Vertragsstaaten des Abkommens \u00fcber den Europ\u00e4ischen Wirtschaftsraum zuvor gek\u00fcrzt. Nur in Ausnahmef\u00e4llen wird die volle IP-Adresse an einen Server von Google in den USA \u00fcbertragen und dort gek\u00fcrzt.Im Auftrag des Betreibers dieser Webseite wird Google diese Informationen benutzen, um Ihre Nutzung der Webseite auszuwerten , um Reports \u00fcber die Webseitenaktivit\u00e4ten zusammenzustellen und um weitere mit der Webseitennutzung und der Internetnutzung verbundene Dienstleistungen gegen\u00fcber dem Webseitenbetreiber zu erbringen. Die im Rahmen von Google Analytics von Ihrem Browser \u00fcbermittelte IP- Adresse wird nicht mit anderen Daten von Google zusammengef\u00fchrt.<br \/>\nN\u00e4here Informationen zu Nutzungsbedingungen und Datenschutz finden Sie unter den Google Analytics Bedingungen bzw unter der Google Analytics \u00dcbersicht.<\/p>\n","protected":false},"excerpt":{"rendered":"<p>Haftung f\u00fcr Inhalte Die Erstellung der Inhalte dieser Webseite erfolgte mit gr\u00f6\u00dftm\u00f6glicher Sorgfalt. Allerdings k\u00f6nnen wir keine Gew\u00e4hr f\u00fcr die Vollst\u00e4ndigkeit der bereitgestellten Inhalte, ihre Aktualit\u00e4t sowie Richtigkeit \u00fcbernehmen. Gem. \u00a7\u00a7 8 \u2013 10 TMG trifft uns als Dienstanbieter keine Pflicht, fremde Informationen, die \u00fcbermittelt oder gespeichert wurden, zu \u00fcberwachen oder nach Anhaltspunkten und Umst\u00e4nden [&hellip;]<\/p>\n","protected":false},"author":2,"featured_media":0,"parent":0,"menu_order":0,"comment_status":"closed","ping_status":"open","template":"","meta":{"ngg_post_thumbnail":0,"footnotes":""},"class_list":["post-10350","page","type-page","status-publish","hentry"],"_links":{"self":[{"href":"http:\/\/www.katz-mannheim.de\/index.php?rest_route=\/wp\/v2\/pages\/10350","targetHints":{"allow":["GET"]}}],"collection":[{"href":"http:\/\/www.katz-mannheim.de\/index.php?rest_route=\/wp\/v2\/pages"}],"about":[{"href":"http:\/\/www.katz-mannheim.de\/index.php?rest_route=\/wp\/v2\/types\/page"}],"author":[{"embeddable":true,"href":"http:\/\/www.katz-mannheim.de\/index.php?rest_route=\/wp\/v2\/users\/2"}],"replies":[{"embeddable":true,"href":"http:\/\/www.katz-mannheim.de\/index.php?rest_route=%2Fwp%2Fv2%2Fcomments&post=10350"}],"version-history":[{"count":14,"href":"http:\/\/www.katz-mannheim.de\/index.php?rest_route=\/wp\/v2\/pages\/10350\/revisions"}],"predecessor-version":[{"id":10506,"href":"http:\/\/www.katz-mannheim.de\/index.php?rest_route=\/wp\/v2\/pages\/10350\/revisions\/10506"}],"wp:attachment":[{"href":"http:\/\/www.katz-mannheim.de\/index.php?rest_route=%2Fwp%2Fv2%2Fmedia&parent=10350"}],"curies":[{"name":"wp","href":"https:\/\/api.w.org\/{rel}","templated":true}]}}